{"id":264,"date":"2016-11-24T15:40:59","date_gmt":"2016-11-24T20:40:59","guid":{"rendered":"http:\/\/genirom.com\/en\/?page_id=264"},"modified":"2021-05-19T13:51:45","modified_gmt":"2021-05-19T17:51:45","slug":"the-business","status":"publish","type":"page","link":"https:\/\/genirom.com\/en\/","title":{"rendered":"The Business"},"content":{"rendered":"[vc_row full_width=&#8221;stretch_row_content&#8221; el_class=&#8221;home-slider&#8221;][vc_column]<div class='gambit_parallax_row' data-bg-align='' data-direction='fixed' data-opacity='100' data-velocity='-0.3' data-mobile-enabled='' data-bg-height='760' data-bg-width='1440' data-bg-image='https:\/\/genirom.com\/wp-content\/uploads\/2016\/11\/slide-home.jpg' data-bg-repeat='false' data-id='' style='display: none'><\/div>[rev_slider_vc alias=&#8221;homepage-en&#8221;][\/vc_column][\/vc_row][vc_row full_width=&#8221;stretch_row_content_no_spaces&#8221; content_placement=&#8221;top&#8221; disable_element=&#8221;yes&#8221; el_class=&#8221;mobile-only homepage-slide&#8221;][vc_column][vc_single_image image=&#8221;18&#8243; img_size=&#8221;full&#8221;][\/vc_column][\/vc_row][vc_row full_width=&#8221;stretch_row&#8221; css=&#8221;.vc_custom_1482285918325{padding-top: 5% !important;padding-bottom: 10% !important;background-position: center !important;background-repeat: no-repeat !important;background-size: cover !important;}&#8221; el_class=&#8221;loi-122 desktop-only&#8221;][vc_column]<div class='gambit_parallax_row loi-122-para-img' data-bg-align='' data-direction='down' data-opacity='100' data-velocity='-0.3' data-mobile-enabled='parallax-enable-mobile' data-bg-height='906' data-bg-width='1440' data-bg-image='https:\/\/genirom.com\/wp-content\/uploads\/2016\/11\/loi-122-bg.jpg' data-bg-repeat='false' data-id='' style='display: none'><\/div>[vc_row_inner content_placement=&#8221;middle&#8221; el_class=&#8221;section-122-homepage&#8221; css=&#8221;.vc_custom_1479406179912{margin-right: 10% !important;margin-left: 10% !important;}&#8221;][vc_column_inner width=&#8221;1\/2&#8243;][vc_column_text]\n<p style=\"text-align: center;\"><strong>THE BUILDINGS CHAPTER OF THE SAFETY CODE REQUIREMENTS.<\/strong><\/p>\n[\/vc_column_text][vc_btn title=&#8221;Learn more&#8221; style=&#8221;flat&#8221; shape=&#8221;square&#8221; align=&#8221;center&#8221; link=&#8221;url:%2Fen%2Fthe-law%2F|||&#8221; el_class=&#8221;btn-bleu &#8220;][\/vc_column_inner][vc_column_inner width=&#8221;1\/2&#8221;][vc_column_text]\n<p class=\"p1\">An official audit report signed by an engineer will be issued. It may be sent to the R\u00e9gie du B\u00e2timent du Qu\u00e9bec to meet the requirements of the BCSC.<\/p>\n<p class=\"p1\"><span class=\"s1\">G\u00e9nirom is formed of specialists who possess all the abilities and skills required to assist you in the conformity of your building to the law. <\/span><\/p>\n<p class=\"p1\"><span class=\"s1\">Why not take advantage of the occasion <\/span><\/p>\n<p class=\"p1\"><strong><span class=\"s1\">Why not take advantage of the opportunity to do preventive and corrective maintenance which will prolong the life of your real estate assets, improve their internal comfort and reduce their energy bills?<\/span><\/strong><\/p>\n[\/vc_column_text][\/vc_column_inner][\/vc_row_inner][\/vc_column][\/vc_row][vc_row full_width=&#8221;stretch_row_content_no_spaces&#8221; css=&#8221;.vc_custom_1479741660781{margin-top: 0px !important;padding-top: 0px !important;background-position: center !important;background-repeat: no-repeat !important;background-size: cover !important;}&#8221; el_class=&#8221;loi-122 mobile-only&#8221;][vc_column][vc_row_inner content_placement=&#8221;middle&#8221; el_class=&#8221;section-122-homepage&#8221; css=&#8221;.vc_custom_1479406179912{margin-right: 10% !important;margin-left: 10% !important;}&#8221;][vc_column_inner width=&#8221;1\/2&#8243;][vc_column_text el_class=&#8221;mot-loi-122&#8243;]\n<p style=\"text-align: center;\"><strong>THE BUILDINGS CHAPTER OF THE SAFETY CODE REQUIREMENTS.<\/strong><\/p>\n[\/vc_column_text][vc_btn title=&#8221;LEARN MORE&#8221; style=&#8221;flat&#8221; shape=&#8221;square&#8221; align=&#8221;center&#8221; link=&#8221;url:%2Fen%2Fthe-law%2F|||&#8221; el_class=&#8221;btn-bleu &#8220;][\/vc_column_inner][vc_column_inner width=&#8221;1\/2&#8221;][vc_column_text]\n<p class=\"p1\">An official audit report signed by an engineer will be issued. It may be sent to the R\u00e9gie du B\u00e2timent du Qu\u00e9bec to meet the requirements of the BCSC.<\/p>\n<p class=\"p1\"><span class=\"s1\">G\u00e9nirom is formed of specialists who possess all the abilities and skills required to assist you in the conformity of your building to the law.<\/span><\/p>\n<p class=\"p1\"><span class=\"s1\">Why not take advantage of the occasion<\/span><\/p>\n<p class=\"p1\"><strong><span class=\"s1\">Why not take advantage of the opportunity to do preventive and corrective maintenance which will prolong the life of your real estate assets, improve their internal comfort and reduce their energy bills?<\/span><\/strong><\/p>\n[\/vc_column_text][\/vc_column_inner][\/vc_row_inner][\/vc_column][\/vc_row][vc_row css=&#8221;.vc_custom_1479150234560{padding-top: 5% !important;padding-bottom: 5% !important;}&#8221;][vc_column][vc_column_text el_class=&#8221;blue-titles&#8221;]\n<h2 style=\"text-align: center;\">Safe and Cost-effective buildings<\/h2>\n[\/vc_column_text][\/vc_column][\/vc_row][vc_row full_width=&#8221;stretch_row_content&#8221; full_height=&#8221;yes&#8221; el_class=&#8221;homepage-description desktop-only&#8221;][vc_column]<div class='gambit_parallax_row' data-bg-align='' data-direction='fixed' data-opacity='100' data-velocity='-0.3' data-mobile-enabled='' data-bg-height='1330' data-bg-width='1440' data-bg-image='https:\/\/genirom.com\/wp-content\/uploads\/2016\/11\/stationnement.jpg' data-bg-repeat='false' data-id='' style='display: none'><\/div>[vc_row_inner content_placement=&#8221;top&#8221; css=&#8221;.vc_custom_1479149542583{margin-top: -5% !important;margin-bottom: 0px !important;padding-top: 15px !important;padding-bottom: 15px !important;background-color: #ffffff !important;}&#8221;][vc_column_inner][\/vc_column_inner][\/vc_row_inner][vc_row_inner equal_height=&#8221;yes&#8221; content_placement=&#8221;middle&#8221; css=&#8221;.vc_custom_1479149977593{background-position: center !important;background-repeat: no-repeat !important;background-size: cover !important;}&#8221; el_class=&#8221;para-empty&#8221;][vc_column_inner width=&#8221;7\/12&#8243; css=&#8221;.vc_custom_1479149709897{padding-right: 15% !important;padding-left: 25% !important;background-color: #ffffff !important;}&#8221;][vc_column_text el_class=&#8221;titles-with-separator&#8221;]\n<h3>G\u00e9nirom expertise<\/h3>\n[\/vc_column_text][vc_column_text css=&#8221;.vc_custom_1480019349953{padding-right: 25% !important;}&#8221;]\n<p class=\"p1\"><span class=\"s1\">G\u00e9nirom offers <strong>maintenance solutions<\/strong> that allow owners to ensure the <strong>safety of their buildings<\/strong> while increasing longevity and profitability of their assets through <strong>effective multi-level strategic planning<\/strong>.<\/span><\/p>\n<p class=\"p1\"><span class=\"s1\">G\u00e9nirom <strong>specializes in the verification of building exteriors of five or more stories<\/strong>, as well as in <strong>multi-level parking lots and underground garages<\/strong>.<\/span><\/p>\n[\/vc_column_text][vc_btn title=&#8221;Let our experts take care of your building&#8221; style=&#8221;flat&#8221; shape=&#8221;square&#8221; el_class=&#8221;custom-btn&#8221; link=&#8221;url:%2Fen%2Fcontact%2F|||&#8221;][\/vc_column_inner][vc_column_inner width=&#8221;5\/12&#8243; css=&#8221;.vc_custom_1479149748315{padding-left: 25% !important;}&#8221;][\/vc_column_inner][\/vc_row_inner][vc_row_inner content_placement=&#8221;top&#8221; css=&#8221;.vc_custom_1479149576503{margin-bottom: 0px !important;padding-top: 15px !important;padding-bottom: 15px !important;background-color: #ffffff !important;}&#8221;][vc_column_inner][\/vc_column_inner][\/vc_row_inner][vc_row_inner el_class=&#8221;para-empty&#8221;][vc_column_inner width=&#8221;5\/12&#8243;][\/vc_column_inner][vc_column_inner width=&#8221;7\/12&#8243; css=&#8221;.vc_custom_1479149894049{padding-right: 25% !important;padding-left: 15% !important;background-color: #ffffff !important;}&#8221;][vc_column_text el_class=&#8221;titles-with-separator&#8221;]\n<h3 style=\"text-align: left;\">Counselling at each stage of the process of securing the building<\/h3>\n[\/vc_column_text][vc_column_text css=&#8221;.vc_custom_1480019449516{padding-right: 25% !important;}&#8221; el_class=&#8221;custom-btn&#8221;]\n<p class=\"p1\"><span class=\"s1\">From compliance with Quebec safety standards to the long-term profitability of your assets, G\u00e9nirom offers a range of complementary services tailored to your specific needs.<\/span><\/p>\n<p class=\"p1\"><span class=\"s1\">Our acquired expertise in real estate management, as well as in financial and technical planning of maintenance jobs, allows us to understand the owner\u2019s reality and to pose concrete actions in accordance with their best interests.<\/span><\/p>\n<p class=\"p1\"><span class=\"s1\"><strong>We are masters in the art of undertaking a responsible approach to planning maintenance and repairs over many years<\/strong> ensuring an extended lifetime to your building and thus, avoiding unexpected expenses.<\/span><\/p>\n[\/vc_column_text][vc_btn title=&#8221;Consult our services&#8221; style=&#8221;flat&#8221; shape=&#8221;square&#8221; el_class=&#8221;custom-btn&#8221; link=&#8221;url:%2Fen%2Fservices%2F|||&#8221;][\/vc_column_inner][\/vc_row_inner][vc_row_inner content_placement=&#8221;top&#8221; css=&#8221;.vc_custom_1479149576503{margin-bottom: 0px !important;padding-top: 15px !important;padding-bottom: 15px !important;background-color: #ffffff !important;}&#8221;][vc_column_inner][\/vc_column_inner][\/vc_row_inner][vc_row_inner el_class=&#8221;para-empty&#8221;][vc_column_inner width=&#8221;7\/12&#8243; css=&#8221;.vc_custom_1479150191403{padding-right: 15% !important;padding-bottom: 75px !important;padding-left: 25% !important;background-color: #ffffff !important;}&#8221;][vc_column_text el_class=&#8221;titles-with-separator&#8221;]\n<h3 style=\"text-align: left;\">The G\u00e9nirom advantages<\/h3>\n[\/vc_column_text][vc_column_text css=&#8221;.vc_custom_1480019566663{padding-right: 25% !important;}&#8221; el_class=&#8221;custom-btn&#8221;]\n<ul>\n<li>A team of qualified experts<\/li>\n<li>Advanced technologies<\/li>\n<li>A long-term vision<\/li>\n<li>Effective solutions tailored to your needs<\/li>\n<li>Counseling services for financial and technical planning<\/li>\n<li>Compliant, safe and cost-effective buildings<\/li>\n<\/ul>\n[\/vc_column_text][vc_btn title=&#8221;Ask for an evaluation today&#8221; style=&#8221;flat&#8221; shape=&#8221;square&#8221; el_class=&#8221;custom-btn&#8221; link=&#8221;url:%2Fen%2Fcontact%2F|||&#8221;][\/vc_column_inner][vc_column_inner width=&#8221;5\/12&#8243;][\/vc_column_inner][\/vc_row_inner][vc_row_inner content_placement=&#8221;top&#8221; css=&#8221;.vc_custom_1479149962654{margin-bottom: -5% !important;padding-top: 15px !important;padding-bottom: 15px !important;background-color: #ffffff !important;}&#8221;][vc_column_inner][\/vc_column_inner][\/vc_row_inner][\/vc_column][\/vc_row][vc_row full_width=&#8221;stretch_row_content_no_spaces&#8221; full_height=&#8221;yes&#8221; el_class=&#8221;homepage-description mobile-only&#8221;][vc_column]<div class='gambit_parallax_row' data-bg-align='' data-direction='fixed' data-opacity='100' data-velocity='-0.3' data-mobile-enabled='parallax-enable-mobile' data-bg-height='1330' data-bg-width='1440' data-bg-image='https:\/\/genirom.com\/wp-content\/uploads\/2016\/11\/stationnement.jpg' data-bg-repeat='false' data-id='' style='display: none'><\/div>[vc_row_inner content_placement=&#8221;middle&#8221; css=&#8221;.vc_custom_1479743540471{margin-top: 5% !important;margin-right: 5% !important;margin-bottom: 5% !important;margin-left: 5% !important;padding-top: 5% !important;padding-right: 5% !important;padding-bottom: 5% !important;padding-left: 5% !important;background-color: #ffffff !important;background-position: center !important;background-repeat: no-repeat !important;background-size: cover !important;}&#8221; el_class=&#8221;para-empty&#8221;][vc_column_inner css=&#8221;.vc_custom_1479743298479{background-color: #ffffff !important;}&#8221;][vc_column_text el_class=&#8221;titles-with-separator&#8221;]\n<h3>G\u00e9nirom expertise<\/h3>\n[\/vc_column_text][vc_column_text]\n<p class=\"p1\"><span class=\"s1\">G\u00e9nirom offers <strong>maintenance solutions<\/strong> that allow owners to ensure the <strong>safety of their buildings<\/strong> while increasing longevity and profitability of their assets through <strong>effective multi-level strategic planning<\/strong>.<\/span><\/p>\n<p class=\"p1\"><span class=\"s1\">G\u00e9nirom <strong>specializes in the verification of building exteriors of five or more stories<\/strong>, as well as in <strong>multi-level parking lots and underground garages<\/strong>.<\/span><\/p>\n[\/vc_column_text][vc_btn title=&#8221;Let our experts take care of your building&#8221; style=&#8221;flat&#8221; shape=&#8221;square&#8221; el_class=&#8221;custom-btn&#8221; link=&#8221;url:%2Fen%2Fcontact%2F|||&#8221;][\/vc_column_inner][\/vc_row_inner][vc_row_inner el_class=&#8221;para-empty&#8221; css=&#8221;.vc_custom_1479743644749{margin-top: 5% !important;margin-right: 5% !important;margin-bottom: 5% !important;margin-left: 5% !important;padding-top: 5% !important;padding-right: 5% !important;padding-bottom: 5% !important;padding-left: 5% !important;background-color: #ffffff !important;}&#8221;][vc_column_inner][vc_column_text el_class=&#8221;titles-with-separator&#8221;]\n<h3 style=\"text-align: left;\">Counselling at each stage of the process of securing the building<\/h3>\n[\/vc_column_text][vc_column_text]\n<p class=\"p1\"><span class=\"s1\">From compliance with Quebec safety standards to the long-term profitability of your assets, G\u00e9nirom offers a range of complementary services tailored to your specific needs.<\/span><\/p>\n<p class=\"p1\"><span class=\"s1\">Our acquired expertise in real estate management, as well as in financial and technical planning of maintenance jobs, allows us to understand the owner\u2019s reality and to pose concrete actions in accordance with their best interests.<\/span><\/p>\n<p class=\"p1\"><span class=\"s1\"><strong>We are masters in the art of undertaking a responsible approach to planning maintenance and repairs over many years<\/strong> ensuring an extended lifetime to your building and thus, avoiding unexpected expenses.<\/span><\/p>\n[\/vc_column_text][vc_btn title=&#8221;Consult our services&#8221; style=&#8221;flat&#8221; shape=&#8221;square&#8221; el_class=&#8221;custom-btn&#8221; link=&#8221;url:%2Fen%2Fservices%2F|||&#8221;][\/vc_column_inner][\/vc_row_inner][vc_row_inner el_class=&#8221;para-empty&#8221; css=&#8221;.vc_custom_1479743797241{margin-top: 5% !important;margin-right: 5% !important;margin-bottom: 5% !important;margin-left: 5% !important;padding-top: 5% !important;padding-right: 5% !important;padding-bottom: 5% !important;padding-left: 5% !important;background-color: #ffffff !important;}&#8221;][vc_column_inner css=&#8221;.vc_custom_1479743332870{background-color: #ffffff !important;}&#8221;][vc_column_text el_class=&#8221;titles-with-separator&#8221;]\n<h3 style=\"text-align: left;\">The G\u00e9nirom advantages<\/h3>\n[\/vc_column_text][vc_column_text el_class=&#8221;custom-btn&#8221;]\n<ul>\n<li>A team of qualified experts<\/li>\n<li>Advanced technologies<\/li>\n<li>A long-term vision<\/li>\n<li>Effective solutions tailored to your needs<\/li>\n<li>Counseling services for financial and technical planning<\/li>\n<li>Compliant, safe and cost-effective buildings<\/li>\n<\/ul>\n[\/vc_column_text][vc_btn title=&#8221;Ask for an evaluation today&#8221; style=&#8221;flat&#8221; shape=&#8221;square&#8221; el_class=&#8221;custom-btn&#8221; link=&#8221;url:%2Fen%2Fcontact%2F|||&#8221;][\/vc_column_inner][\/vc_row_inner][\/vc_column][\/vc_row][vc_row disable_element=&#8221;yes&#8221; css=&#8221;.vc_custom_1621446672012{padding-top: 5% !important;padding-bottom: 5% !important;}&#8221;][vc_column][vc_column_text el_class=&#8221;blue-titles&#8221;]\n<h2 style=\"text-align: center;\">the G\u00c9NIROM Engineers<\/h2>\n[\/vc_column_text][\/vc_column][\/vc_row][vc_row full_width=&#8221;stretch_row_content_no_spaces&#8221; full_height=&#8221;yes&#8221; disable_element=&#8221;yes&#8221; css=&#8221;.vc_custom_1621446676634{background-image: url(https:\/\/genirom.com\/wp-content\/uploads\/2016\/11\/martin.jpg?id=387) !important;background-position: center !important;background-repeat: no-repeat !important;background-size: cover !important;}&#8221; el_class=&#8221;desktop-only martin&#8221;][vc_column][\/vc_column][\/vc_row][vc_row full_width=&#8221;stretch_row_content_no_spaces&#8221; disable_element=&#8221;yes&#8221; css=&#8221;.vc_custom_1621446681070{background-image: url(https:\/\/genirom.com\/wp-content\/uploads\/2016\/11\/martin.jpg?id=387) !important;background-position: center !important;background-repeat: no-repeat !important;background-size: cover !important;}&#8221; el_class=&#8221;mobile-only martin-bg&#8221;][vc_column][\/vc_column][\/vc_row][vc_row disable_element=&#8221;yes&#8221;][vc_column][vc_column_text el_class=&#8221;martin-quote&#8221;]\n<h2 class=\"p1\" style=\"text-align: center;\"><span class=\"s1\">Efficient solutions to ensure safe, comfortable and effective buildings within a budget that meets the owner\u2019s expectations &#8211; Martin Gauthier, ing.<\/span><\/h2>\n[\/vc_column_text][\/vc_column][\/vc_row][vc_row disable_element=&#8221;yes&#8221; css=&#8221;.vc_custom_1621446690526{padding-top: 25px !important;}&#8221;][vc_column width=&#8221;1\/2&#8243;][vc_column_text el_class=&#8221;.titles-with-separator&#8221;]\n<h3>New administration<\/h3>\n[\/vc_column_text][vc_column_text css=&#8221;.vc_custom_1528393238632{padding-right: 15% !important;}&#8221;]\n<p class=\"p1\"><span class=\"s1\">Founded in 2013, G\u00e9nirom established a new managament in 2016. Genirom&#8217;s new administration is both conservative on certain aspects of the company, such as on building inspections and innovative in terms of complementary services and technology.<br \/>\nThe new president of the company, Mr. Martin Gauthier brings a unique background of experience in property management to G\u00e9nirom. Namely, his 20 years of experience in operations management, assets management and engineering specifically preventive and corrective building maintenance. These become additional assets to G\u00e9nirom expertise.<\/span><\/p>\n[\/vc_column_text][\/vc_column][vc_column width=&#8221;1\/2&#8243;][vc_column_text css=&#8221;.vc_custom_1528393376165{margin-top: 19% !important;padding-right: 15% !important;}&#8221;]\n<p class=\"p1\"><span class=\"s1\">An interdisciplinary expert, Mr. Gauthier, ing. is a graduate of Concordia&#8217;s Faculty of Civil Engineering, Civil and Environmental Engineering, and holds an MBA in Real Estate at <\/span><span class=\"s2\"><i>the Universit\u00e9 du Qu\u00e9bec \u00e0 Montr\u00e9al<\/i><\/span><span class=\"s1\"> (Claire Ivanho\u00e9 Cambridge of Real Estate). As a real-estate expert, he is also a member of several relevant board of directors such as the <\/span><a href=\"http:\/\/corpiq.com\" target=\"_blank\" rel=\"noopener noreferrer\"><span class=\"s3\">Quebec Landlords Corporation (CORPIQ).<\/span><\/a><\/p>\n[\/vc_column_text][\/vc_column][\/vc_row][vc_row disable_element=&#8221;yes&#8221; css=&#8221;.vc_custom_1621446698693{padding-top: 5% !important;padding-bottom: 5% !important;}&#8221;][vc_column][vc_column_text el_class=&#8221;blue-titles&#8221;]\n<h2 style=\"text-align: center;\">our engineers are associates<\/h2>\n[\/vc_column_text][\/vc_column][\/vc_row][vc_row full_width=&#8221;stretch_row_content_no_spaces&#8221; disable_element=&#8221;yes&#8221; css=&#8221;.vc_custom_1621446704025{padding-top: 25px !important;}&#8221; el_id=&#8221;quentin&#8221; el_class=&#8221;quentin-section&#8221;][vc_column width=&#8221;1\/2&#8243; css=&#8221;.vc_custom_1511896638509{padding-left: 15% !important;}&#8221;][vc_column_text css=&#8221;.vc_custom_1528393299528{padding-right: 15% !important;}&#8221;]\n<p class=\"p1\">As a member of the Quebec Order of Engineers, Quentin Perrier is a civil engineering graduate of the \u201c\u00c9cole Sp\u00e9ciale des Travaux Publics, du B\u00e2timent et de l\u2019Industrie de Paris\u201d.<\/p>\n<p class=\"p1\">Quentin joined G\u00e9nirom in 2016 as a project manager and has been admitted as an associate engineer with our firm in 2017. Prior to his experience with G\u00e9nirom, Quentin exercised his skills as a civil and building engineer in Paris, France between 2013 and 2016.<\/p>\n<p class=\"p1\">Quentin has performed hundreds of inspections and expertises on high rise buildings envelopes, multilevel garages and underground structures within the framework of the BCSC.<\/p>\n[\/vc_column_text][\/vc_column][vc_column width=&#8221;1\/2&#8243; css=&#8221;.vc_custom_1528723178915{background-image: url(https:\/\/genirom.com\/wp-content\/uploads\/2016\/11\/quentin-1.jpg?id=390) !important;background-position: center !important;background-repeat: no-repeat !important;background-size: cover !important;}&#8221;][vc_empty_space height=&#8221;480&#8243;][\/vc_column][\/vc_row]\n","protected":false},"excerpt":{"rendered":"<p>[vc_row full_width=&#8221;stretch_row_content&#8221; el_class=&#8221;home-slider&#8221;][vc_column][rev_slider_vc alias=&#8221;homepage-en&#8221;][\/vc_column][\/vc_row][vc_row full_width=&#8221;stretch_row_content_no_spaces&#8221; content_placement=&#8221;top&#8221; disable_element=&#8221;yes&#8221; el_class=&#8221;mobile-only homepage-slide&#8221;][vc_column][vc_single_image image=&#8221;18&#8243; img_size=&#8221;full&#8221;][\/vc_column][\/vc_row][vc_row full_width=&#8221;stretch_row&#8221; css=&#8221;.vc_custom_1482285918325{padding-top: 5% !important;padding-bottom: 10% !important;background-position: center !important;background-repeat: no-repeat !important;background-size: cover !important;}&#8221; el_class=&#8221;loi-122 desktop-only&#8221;][vc_column][vc_row_inner content_placement=&#8221;middle&#8221; el_class=&#8221;section-122-homepage&#8221; css=&#8221;.vc_custom_1479406179912{margin-right: 10% !important;margin-left: 10% !important;}&#8221;][vc_column_inner width=&#8221;1\/2&#8243;][vc_column_text] THE BUILDINGS CHAPTER OF THE SAFETY CODE REQUIREMENTS. [\/vc_column_text][vc_btn title=&#8221;Learn more&#8221; style=&#8221;flat&#8221; shape=&#8221;square&#8221; align=&#8221;center&#8221; link=&#8221;url:%2Fen%2Fthe-law%2F|||&#8221; el_class=&#8221;btn-bleu &#8220;][\/vc_column_inner][vc_column_inner width=&#8221;1\/2&#8221;][vc_column_text] An official audit report signed by an engineer will &#8230;<\/p>\n","protected":false},"author":2,"featured_media":0,"parent":0,"menu_order":0,"comment_status":"closed","ping_status":"closed","template":"template-blank-1.php","meta":{"_monsterinsights_skip_tracking":false,"_monsterinsights_sitenote_active":false,"_monsterinsights_sitenote_note":"","_monsterinsights_sitenote_category":0,"footnotes":""},"class_list":["post-264","page","type-page","status-publish","hentry","no-post-thumbnail"],"_links":{"self":[{"href":"https:\/\/genirom.com\/en\/wp-json\/wp\/v2\/pages\/264","targetHints":{"allow":["GET"]}}],"collection":[{"href":"https:\/\/genirom.com\/en\/wp-json\/wp\/v2\/pages"}],"about":[{"href":"https:\/\/genirom.com\/en\/wp-json\/wp\/v2\/types\/page"}],"author":[{"embeddable":true,"href":"https:\/\/genirom.com\/en\/wp-json\/wp\/v2\/users\/2"}],"replies":[{"embeddable":true,"href":"https:\/\/genirom.com\/en\/wp-json\/wp\/v2\/comments?post=264"}],"version-history":[{"count":18,"href":"https:\/\/genirom.com\/en\/wp-json\/wp\/v2\/pages\/264\/revisions"}],"predecessor-version":[{"id":420,"href":"https:\/\/genirom.com\/en\/wp-json\/wp\/v2\/pages\/264\/revisions\/420"}],"wp:attachment":[{"href":"https:\/\/genirom.com\/en\/wp-json\/wp\/v2\/media?parent=264"}],"curies":[{"name":"wp","href":"https:\/\/api.w.org\/{rel}","templated":true}]}}