{"id":271,"date":"2016-11-24T16:21:46","date_gmt":"2016-11-24T21:21:46","guid":{"rendered":"http:\/\/genirom.com\/en\/?page_id=271"},"modified":"2018-06-11T09:24:47","modified_gmt":"2018-06-11T13:24:47","slug":"services","status":"publish","type":"page","link":"https:\/\/genirom.com\/en\/services\/","title":{"rendered":"Services"},"content":{"rendered":"[vc_row full_width=&#8221;stretch_row_content_no_spaces&#8221;][vc_column][rev_slider_vc alias=&#8221;services&#8221;][\/vc_column][\/vc_row][vc_row][vc_column width=&#8221;2\/3&#8243;][vc_column_text el_class=&#8221;blue-titles-no-line&#8221;]\n<h2>Expertise that goes beyond building inspection<\/h2>\n[\/vc_column_text][vc_column_text el_class=&#8221;titles-h3-gray&#8221;]\n<h3>Engineering | Financial planning | Inspection<\/h3>\n[\/vc_column_text][vc_column_text]\n<p class=\"p1\"><span class=\"s1\">G\u00e9nirom counsels you in every step of your journey towards a <strong>safe and profitable building<\/strong> that will serve you for many years. Our expertise is directed to <strong>high-rise buildings as well as underground and multi-leveled outdoor parking lots<\/strong>.<\/span><\/p>\n[\/vc_column_text][\/vc_column][vc_column width=&#8221;1\/3&#8243;][\/vc_column][\/vc_row][vc_row][vc_column][vc_separator el_width=&#8221;50&#8243;][vc_raw_js]JTNDc2NyaXB0JTIwdHlwZSUzRCUyMnRleHQlMkZqYXZhc2NyaXB0JTIyJTNFJTBBJTBBalF1ZXJ5JTI4d2luZG93JTI5LnNjcm9sbCUyOGZ1bmN0aW9uJTIwJTI4JTI5JTIwJTdCJTIwJTBBJTBBJTA5JTI0d2luZG93JTIwJTNEJTIwalF1ZXJ5JTI4d2luZG93JTI5JTNCJTBBJTA5aWYlMjglMjAlMjR3aW5kb3clMjAud2lkdGglMjglMjklMjAlM0UlMjA3NjglMjklN0IlMEElMEElMDklMjR3aW5kb3clMjAlM0QlMjBqUXVlcnklMjh3aW5kb3clMjklM0IlMEElMDklMDlqUXVlcnklMjglMjcucGFyYS1pbWclMjclMjkuY3NzJTI4JTdCJTBBJTA5JTA5JTIwJTIwJTI3dG9wJTI3JTIwJTNBJTIwJTJCJTI4alF1ZXJ5JTI4dGhpcyUyOS5zY3JvbGxUb3AlMjglMjklMkYyNSUyOSUyQiUyMnB4JTIyJTBBJTA5JTA5JTdEJTI5JTNCJTIwJTBBJTA5JTA5alF1ZXJ5JTI4JTI3LnBhcmEtdGV4dGUlMjclMjkuY3NzJTI4JTdCJTBBJTA5JTA5JTIwJTIwJTI3Ym90dG9tJTI3JTIwJTNBJTIwLSUyOGpRdWVyeSUyOHRoaXMlMjkuc2Nyb2xsVG9wJTI4JTI5JTJGMjUlMjklMkIlMjJweCUyMiUwQSUwOSUwOSU3RCUyOSUzQiUyMCUwQSUwOSU3RCUzQiUwQSU3RCUyOSUzQiUwQSUwQSUzQyUyRnNjcmlwdCUzRQ==[\/vc_raw_js][\/vc_column][\/vc_row][vc_row css=&#8221;.vc_custom_1479419297292{margin-top: 10% !important;margin-bottom: 10% !important;}&#8221;][vc_column width=&#8221;1\/2&#8243; el_class=&#8221;blue-box-left&#8221;][vc_row_inner el_class=&#8221;para-texte&#8221;][vc_column_inner][vc_column_text el_class=&#8221;services-title&#8221;]\n<p class=\"p1\"><span class=\"s1\">Observation and analysis<\/span><\/p>\n[\/vc_column_text][vc_column_text el_class=&#8221;services-description-left&#8221;]\n<p class=\"p1\"><span class=\"s1\">Genirom experts regularly analyze the safety of your building in several key aspects through various methods such as visual and tactile inspection, exploratory and concrete drilling. A detailed and efficient evaluation of your building is regularly updated in the G\u00e9nirom register as required by the RBQ.<\/span><\/p>\n[\/vc_column_text][\/vc_column_inner][\/vc_row_inner][\/vc_column][vc_column width=&#8221;1\/2&#8243;][vc_single_image image=&#8221;104&#8243; img_size=&#8221;full&#8221; el_class=&#8221;para-img&#8221;][\/vc_column][\/vc_row][vc_row css=&#8221;.vc_custom_1479490202194{margin-top: 10% !important;margin-bottom: 10% !important;}&#8221; el_class=&#8221;desktop-only&#8221;][vc_column width=&#8221;1\/2&#8243;][vc_single_image image=&#8221;113&#8243; img_size=&#8221;full&#8221; alignment=&#8221;right&#8221; el_class=&#8221;para-img&#8221;][\/vc_column][vc_column width=&#8221;1\/2&#8243; el_class=&#8221;blue-box-right&#8221;][vc_row_inner el_class=&#8221;para-texte&#8221;][vc_column_inner][vc_column_text el_class=&#8221;services-title&#8221;]\n<p class=\"p1\" style=\"text-align: right;\"><span class=\"s1\">Plan production<\/span><\/p>\n[\/vc_column_text][vc_column_text el_class=&#8221;services-description-right&#8221;]\n<p class=\"p1\" style=\"text-align: right;\"><span class=\"s1\">Once the analysis has been completed, G\u00e9nirom will produce plans and specifications of existing conditions and corrective work to be carried out.<\/span><\/p>\n[\/vc_column_text][\/vc_column_inner][\/vc_row_inner][\/vc_column][\/vc_row][vc_row css=&#8221;.vc_custom_1479490216633{margin-top: 10% !important;margin-bottom: 10% !important;}&#8221; el_class=&#8221;mobile-only&#8221;][vc_column width=&#8221;1\/2&#8243; el_class=&#8221;blue-box-left&#8221;][vc_row_inner el_class=&#8221;para-texte&#8221;][vc_column_inner][vc_column_text el_class=&#8221;services-title&#8221;]\n<p class=\"p1\"><span class=\"s1\">Plan production<\/span><\/p>\n[\/vc_column_text][vc_column_text el_class=&#8221;services-description-right&#8221;]\n<p class=\"p1\"><span class=\"s1\">Once the analysis has been completed, G\u00e9nirom will produce plans and specifications of existing conditions and corrective work to be carried out.<\/span><\/p>\n[\/vc_column_text][\/vc_column_inner][\/vc_row_inner][\/vc_column][vc_column width=&#8221;1\/2&#8243;][vc_single_image image=&#8221;113&#8243; img_size=&#8221;full&#8221; alignment=&#8221;right&#8221; el_class=&#8221;para-img&#8221;][\/vc_column][\/vc_row][vc_row css=&#8221;.vc_custom_1479419342865{margin-top: 10% !important;margin-bottom: 10% !important;}&#8221;][vc_column width=&#8221;1\/2&#8243; el_class=&#8221;blue-box-left&#8221;][vc_row_inner el_class=&#8221;para-texte&#8221;][vc_column_inner][vc_column_text el_class=&#8221;services-title&#8221;]\n<p class=\"p1\"><span class=\"s1\">Official report issuance<\/span><\/p>\n[\/vc_column_text][vc_column_text el_class=&#8221;services-description-left&#8221;]\n<p class=\"p1\"><span class=\"s1\">An official audit report signed by an engineer is then issued and may be sent to the <\/span><a href=\"https:\/\/www.rbq.gouv.qc.ca\/en\/home.html\" target=\"_blank\"><span class=\"s2\"><i>R\u00e9gie du B\u00e2timent du Qu\u00e9bec<\/i><\/span><\/a><span class=\"s1\"> to meet the requirements of the CBCS.<\/span><\/p>\n[\/vc_column_text][\/vc_column_inner][\/vc_row_inner][\/vc_column][vc_column width=&#8221;1\/2&#8243;][vc_single_image image=&#8221;114&#8243; img_size=&#8221;full&#8221; el_class=&#8221;para-img&#8221;][\/vc_column][\/vc_row][vc_row css=&#8221;.vc_custom_1479490498927{margin-top: 10% !important;margin-bottom: 10% !important;}&#8221; el_class=&#8221;desktop-only&#8221;][vc_column width=&#8221;1\/2&#8243;][vc_single_image image=&#8221;124&#8243; img_size=&#8221;full&#8221; alignment=&#8221;right&#8221; el_class=&#8221;para-img&#8221;][\/vc_column][vc_column width=&#8221;1\/2&#8243; el_class=&#8221;blue-box-right&#8221;][vc_row_inner el_class=&#8221;para-texte&#8221;][vc_column_inner][vc_column_text el_class=&#8221;services-title&#8221;]\n<p class=\"p1\" style=\"text-align: right;\"><span class=\"s1\">Financial and job planning<\/span><\/p>\n[\/vc_column_text][vc_column_text el_class=&#8221;services-description-right&#8221;]\n<p class=\"p1\"><span class=\"s1\">In addition to providing you with a network of trusted entrepreneurs, G\u00e9nirom will help you plan your jobs according to your priorities and future budgets.<\/span><span class=\"s2\"><br \/>\n<\/span><span class=\"s1\">What sets us apart from traditional building inspectors is our expertise in real estate finance, put at your disposal for your best interest. Thus, the profitability of your building, and this for many years, is part of our strategic planning.<\/span><\/p>\n[\/vc_column_text][\/vc_column_inner][\/vc_row_inner][\/vc_column][\/vc_row][vc_row css=&#8221;.vc_custom_1479490515925{margin-top: 10% !important;margin-bottom: 10% !important;}&#8221; el_class=&#8221;mobile-only&#8221;][vc_column width=&#8221;1\/2&#8243; el_class=&#8221;blue-box-right&#8221;][vc_row_inner el_class=&#8221;para-texte&#8221;][vc_column_inner][vc_column_text el_class=&#8221;services-title&#8221;]\n<p class=\"p1\"><span class=\"s1\">Financial and job planning<\/span><\/p>\n[\/vc_column_text][vc_column_text el_class=&#8221;services-description-right&#8221;]\n<p class=\"p1\"><span class=\"s1\">In addition to providing you with a network of trusted entrepreneurs, G\u00e9nirom will help you plan your jobs according to your priorities and future budgets.<\/span><span class=\"s2\"><br \/>\n<\/span><span class=\"s1\">What sets us apart from traditional building inspectors is our expertise in real estate finance, put at your disposal for your best interest. Thus, the profitability of your building, and this for many years, is part of our strategic planning.<\/span><\/p>\n[\/vc_column_text][\/vc_column_inner][\/vc_row_inner][\/vc_column][vc_column width=&#8221;1\/2&#8243;][vc_single_image image=&#8221;124&#8243; img_size=&#8221;full&#8221; alignment=&#8221;right&#8221; el_class=&#8221;para-img&#8221;][\/vc_column][\/vc_row][vc_row css=&#8221;.vc_custom_1479419366197{margin-top: 10% !important;margin-bottom: 10% !important;}&#8221;][vc_column width=&#8221;1\/2&#8243; el_class=&#8221;blue-box-left&#8221;][vc_row_inner el_class=&#8221;para-texte&#8221;][vc_column_inner][vc_column_text el_class=&#8221;services-title&#8221;]\n<p class=\"p1\"><span class=\"s1\">Job Supervision<\/span><\/p>\n[\/vc_column_text][vc_column_text el_class=&#8221;services-description-left&#8221;]\n<p class=\"p1\"><span class=\"s1\">During the corrective job period necessary to secure the building, G\u00e9nirom provides you with an expert who will ensure the quality and conformity of the repairs carried out.<\/span><\/p>\n[\/vc_column_text][\/vc_column_inner][\/vc_row_inner][\/vc_column][vc_column width=&#8221;1\/2&#8243;][vc_single_image image=&#8221;125&#8243; img_size=&#8221;full&#8221; el_class=&#8221;para-img&#8221;][\/vc_column][\/vc_row][vc_row css=&#8221;.vc_custom_1479490566333{margin-top: 10% !important;margin-bottom: 10% !important;}&#8221; el_class=&#8221;desktop-only&#8221;][vc_column width=&#8221;1\/2&#8243;][vc_single_image image=&#8221;126&#8243; img_size=&#8221;full&#8221; alignment=&#8221;right&#8221; el_class=&#8221;para-img&#8221;][\/vc_column][vc_column width=&#8221;1\/2&#8243; el_class=&#8221;blue-box-right&#8221;][vc_row_inner el_class=&#8221;para-texte&#8221;][vc_column_inner][vc_column_text el_class=&#8221;services-title&#8221;]\n<p class=\"p1\" style=\"text-align: right;\"><span class=\"s1\">Monitoring and prevention<\/span><\/p>\n[\/vc_column_text][vc_column_text el_class=&#8221;services-description-right&#8221;]\n<p class=\"p1\" style=\"text-align: right;\"><span class=\"s1\">G\u00e9nirom counsels you, on the long term, on the safety of your building and establishes with you preventive methods allowing you to avoid costly work in the future and increase the profitable life of your building. Thus, undertaking a responsible maintenance and repair plan over many years, ensuring a long life for your buildings and avoiding unforeseen expenses.<\/span><\/p>\n[\/vc_column_text][\/vc_column_inner][\/vc_row_inner][\/vc_column][\/vc_row][vc_row css=&#8221;.vc_custom_1479490557618{margin-top: 10% !important;margin-bottom: 10% !important;}&#8221; el_class=&#8221;mobile-only&#8221;][vc_column width=&#8221;1\/2&#8243; el_class=&#8221;blue-box-right&#8221;][vc_row_inner el_class=&#8221;para-texte&#8221;][vc_column_inner][vc_column_text el_class=&#8221;services-title&#8221;]\n<p class=\"p1\"><span class=\"s1\">Monitoring and prevention<\/span><\/p>\n[\/vc_column_text][vc_column_text el_class=&#8221;services-description-right&#8221;]\n<p class=\"p1\"><span class=\"s1\">G\u00e9nirom counsels you, on the long term, on the safety of your building and establishes with you preventive methods allowing you to avoid costly work in the future and increase the profitable life of your building. Thus, undertaking a responsible maintenance and repair plan over many years, ensuring a long life for your buildings and avoiding unforeseen expenses.<\/span><\/p>\n[\/vc_column_text][\/vc_column_inner][\/vc_row_inner][\/vc_column][vc_column width=&#8221;1\/2&#8243;][vc_single_image image=&#8221;126&#8243; img_size=&#8221;full&#8221; alignment=&#8221;right&#8221; el_class=&#8221;para-img&#8221;][\/vc_column][\/vc_row]\n","protected":false},"excerpt":{"rendered":"<p>[vc_row full_width=&#8221;stretch_row_content_no_spaces&#8221;][vc_column][rev_slider_vc alias=&#8221;services&#8221;][\/vc_column][\/vc_row][vc_row][vc_column width=&#8221;2\/3&#8243;][vc_column_text el_class=&#8221;blue-titles-no-line&#8221;] Expertise that goes beyond building inspection [\/vc_column_text][vc_column_text el_class=&#8221;titles-h3-gray&#8221;] Engineering | Financial planning | Inspection [\/vc_column_text][vc_column_text] G\u00e9nirom counsels you in every step of your journey towards a safe and profitable building that will serve you for many years. Our expertise is directed to high-rise buildings as well as underground and multi-leveled outdoor parking lots. [\/vc_column_text][\/vc_column][vc_column width=&#8221;1\/3&#8243;][\/vc_column][\/vc_row][vc_row][vc_column][vc_separator &#8230;<\/p>\n","protected":false},"author":2,"featured_media":0,"parent":0,"menu_order":0,"comment_status":"closed","ping_status":"closed","template":"template-blank-1.php","meta":{"_monsterinsights_skip_tracking":false,"_monsterinsights_sitenote_active":false,"_monsterinsights_sitenote_note":"","_monsterinsights_sitenote_category":0,"footnotes":""},"class_list":["post-271","page","type-page","status-publish","hentry","no-post-thumbnail"],"_links":{"self":[{"href":"https:\/\/genirom.com\/en\/wp-json\/wp\/v2\/pages\/271","targetHints":{"allow":["GET"]}}],"collection":[{"href":"https:\/\/genirom.com\/en\/wp-json\/wp\/v2\/pages"}],"about":[{"href":"https:\/\/genirom.com\/en\/wp-json\/wp\/v2\/types\/page"}],"author":[{"embeddable":true,"href":"https:\/\/genirom.com\/en\/wp-json\/wp\/v2\/users\/2"}],"replies":[{"embeddable":true,"href":"https:\/\/genirom.com\/en\/wp-json\/wp\/v2\/comments?post=271"}],"version-history":[{"count":3,"href":"https:\/\/genirom.com\/en\/wp-json\/wp\/v2\/pages\/271\/revisions"}],"predecessor-version":[{"id":413,"href":"https:\/\/genirom.com\/en\/wp-json\/wp\/v2\/pages\/271\/revisions\/413"}],"wp:attachment":[{"href":"https:\/\/genirom.com\/en\/wp-json\/wp\/v2\/media?parent=271"}],"curies":[{"name":"wp","href":"https:\/\/api.w.org\/{rel}","templated":true}]}}